{"id":603,"date":"2023-04-01T16:20:49","date_gmt":"2023-04-01T14:20:49","guid":{"rendered":"https:\/\/www.almabellezaysalud.com\/?page_id=603"},"modified":"2023-10-02T09:26:33","modified_gmt":"2023-10-02T07:26:33","slug":"sobremi","status":"publish","type":"page","link":"https:\/\/www.almabellezaysalud.com\/en\/about-me\/","title":{"rendered":"About me"},"content":{"rendered":"<div data-elementor-type=\"wp-page\" data-elementor-id=\"603\" class=\"elementor elementor-603\" data-elementor-post-type=\"page\">\n\t\t\t\t\t\t<section class=\"elementor-section elementor-top-section elementor-element elementor-element-e656b67 elementor-section-full_width elementor-section-height-default elementor-section-height-default\" data-id=\"e656b67\" data-element_type=\"section\" data-settings=\"{&quot;background_background&quot;:&quot;classic&quot;}\">\n\t\t\t\t\t\t<div class=\"elementor-container elementor-column-gap-default\">\n\t\t\t\t\t<div class=\"elementor-column elementor-col-100 elementor-top-column elementor-element elementor-element-1ae8c6b\" data-id=\"1ae8c6b\" data-element_type=\"column\">\n\t\t\t<div class=\"elementor-widget-wrap elementor-element-populated\">\n\t\t\t\t\t\t<div class=\"elementor-element elementor-element-6433813 elementor-invisible elementor-widget elementor-widget-heading\" data-id=\"6433813\" data-element_type=\"widget\" data-settings=\"{&quot;_animation&quot;:&quot;fadeInUp&quot;,&quot;_animation_mobile&quot;:&quot;none&quot;}\" data-widget_type=\"heading.default\">\n\t\t\t\t<div class=\"elementor-widget-container\">\n\t\t\t\t\t<h2 class=\"elementor-heading-title elementor-size-default\">Hi, I&#039;m Soul... <\/h2>\t\t\t\t<\/div>\n\t\t\t\t<\/div>\n\t\t\t\t<div class=\"elementor-element elementor-element-17a68ed elementor-widget elementor-widget-text-editor\" data-id=\"17a68ed\" data-element_type=\"widget\" data-widget_type=\"text-editor.default\">\n\t\t\t\t<div class=\"elementor-widget-container\">\n\t\t\t\t\t\t\t\t\t<p style=\"text-align: center;\">&#8230;la propietaria del centro de est\u00e9tica \u00abAlma Salud y Belleza\u00bb.<\/p>\t\t\t\t\t\t\t\t<\/div>\n\t\t\t\t<\/div>\n\t\t\t\t\t<\/div>\n\t\t<\/div>\n\t\t\t\t\t<\/div>\n\t\t<\/section>\n\t\t\t\t<section class=\"elementor-section elementor-top-section elementor-element elementor-element-42f7691 elementor-section-full_width elementor-section-height-default elementor-section-height-default\" data-id=\"42f7691\" data-element_type=\"section\">\n\t\t\t\t\t\t<div class=\"elementor-container elementor-column-gap-default\">\n\t\t\t\t\t<div class=\"elementor-column elementor-col-25 elementor-top-column elementor-element elementor-element-0d43392 elementor-hidden-tablet elementor-hidden-mobile\" data-id=\"0d43392\" data-element_type=\"column\">\n\t\t\t<div class=\"elementor-widget-wrap\">\n\t\t\t\t\t\t\t<\/div>\n\t\t<\/div>\n\t\t\t\t<div class=\"elementor-column elementor-col-25 elementor-top-column elementor-element elementor-element-0422f69 elementor-invisible\" data-id=\"0422f69\" data-element_type=\"column\" data-settings=\"{&quot;background_background&quot;:&quot;classic&quot;,&quot;animation&quot;:&quot;fadeInLeft&quot;,&quot;animation_mobile&quot;:&quot;none&quot;}\">\n\t\t\t<div class=\"elementor-widget-wrap elementor-element-populated\">\n\t\t\t\t\t\t<div class=\"elementor-element elementor-element-68e69ec elementor-widget elementor-widget-spacer\" data-id=\"68e69ec\" data-element_type=\"widget\" data-widget_type=\"spacer.default\">\n\t\t\t\t<div class=\"elementor-widget-container\">\n\t\t\t\t\t\t\t<div class=\"elementor-spacer\">\n\t\t\t<div class=\"elementor-spacer-inner\"><\/div>\n\t\t<\/div>\n\t\t\t\t\t\t<\/div>\n\t\t\t\t<\/div>\n\t\t\t\t\t<\/div>\n\t\t<\/div>\n\t\t\t\t<div class=\"elementor-column elementor-col-25 elementor-top-column elementor-element elementor-element-4a0cd24 elementor-invisible\" data-id=\"4a0cd24\" data-element_type=\"column\" data-settings=\"{&quot;background_background&quot;:&quot;gradient&quot;,&quot;animation&quot;:&quot;fadeInRight&quot;,&quot;animation_mobile&quot;:&quot;none&quot;}\">\n\t\t\t<div class=\"elementor-widget-wrap elementor-element-populated\">\n\t\t\t\t\t<div class=\"elementor-background-overlay\"><\/div>\n\t\t\t\t\t\t<div class=\"elementor-element elementor-element-20736bd elementor-widget elementor-widget-text-editor\" data-id=\"20736bd\" data-element_type=\"widget\" data-widget_type=\"text-editor.default\">\n\t\t\t\t<div class=\"elementor-widget-container\">\n\t\t\t\t\t\t\t\t\t<p><span style=\"color: var( --e-global-color-text ); font-size: 1rem; background-color: transparent;\">I have more than <\/span><b style=\"color: var( --e-global-color-text ); font-size: 1rem; background-color: transparent;\">22 years in the world of beauty<\/b><span style=\"color: var( --e-global-color-text ); font-size: 1rem; background-color: transparent;\"> and I have been a pioneer in micropigmentation.<\/span><br><\/p>\n<p>At my center, I like to focus on personalized treatments that enhance each person&#039;s healthy, natural beauty. I am in constant training and I have specialized <b>in Master Ericson, molecular nanocosmetics and state-of-the-art equipment, such as radiofrequency, virtual mesotherapy, dermapen and neodymium yag laser<\/b>.&nbsp;<\/p>\t\t\t\t\t\t\t\t<\/div>\n\t\t\t\t<\/div>\n\t\t\t\t<div class=\"elementor-element elementor-element-7dc66aa elementor-widget elementor-widget-text-editor\" data-id=\"7dc66aa\" data-element_type=\"widget\" data-widget_type=\"text-editor.default\">\n\t\t\t\t<div class=\"elementor-widget-container\">\n\t\t\t\t\t\t\t\t\t<p>I want my clients to feel that in my aesthetic center they are cared for with love and dedication.<\/p>\n<p>My work focuses on philosophy, <b>the slow beauty<\/b> that it is not only about the treatments themselves, but also about creating an environment of relaxation and disconnection so that my clients can enjoy a moment of tranquility and inner peace while the treatments are performed.<\/p>\n<p>We offer a wide variety of global treatments, both facial and body, to cover all the needs of our clients and achieve the best results.&nbsp;<\/p>\n<p>Definitely, <b>my goal is to make my clients feel special and pampered at all times<\/b>. \u00a1Espero verte pronto en \u00abAlma Salud y Belleza\u00bb!<\/p>\t\t\t\t\t\t\t\t<\/div>\n\t\t\t\t<\/div>\n\t\t\t\t<div class=\"elementor-element elementor-element-ff1fb1f elementor-align-right elementor-mobile-align-center elementor-tablet-align-center elementor-widget elementor-widget-button\" data-id=\"ff1fb1f\" data-element_type=\"widget\" data-widget_type=\"button.default\">\n\t\t\t\t<div class=\"elementor-widget-container\">\n\t\t\t\t\t\t\t\t\t<div class=\"elementor-button-wrapper\">\n\t\t\t\t\t<a class=\"elementor-button elementor-button-link elementor-size-sm\" href=\"https:\/\/www.almabellezaysalud.com\/en\/contact\/\">\n\t\t\t\t\t\t<span class=\"elementor-button-content-wrapper\">\n\t\t\t\t\t\t\t\t\t<span class=\"elementor-button-text\">Talk later?<\/span>\n\t\t\t\t\t<\/span>\n\t\t\t\t\t<\/a>\n\t\t\t\t<\/div>\n\t\t\t\t\t\t\t\t<\/div>\n\t\t\t\t<\/div>\n\t\t\t\t\t<\/div>\n\t\t<\/div>\n\t\t\t\t<div class=\"elementor-column elementor-col-25 elementor-top-column elementor-element elementor-element-7092141 elementor-hidden-mobile elementor-hidden-tablet\" data-id=\"7092141\" data-element_type=\"column\">\n\t\t\t<div class=\"elementor-widget-wrap\">\n\t\t\t\t\t\t\t<\/div>\n\t\t<\/div>\n\t\t\t\t\t<\/div>\n\t\t<\/section>\n\t\t\t\t<section class=\"elementor-section elementor-top-section elementor-element elementor-element-1745d75 elementor-section-boxed elementor-section-height-default elementor-section-height-default\" data-id=\"1745d75\" data-element_type=\"section\">\n\t\t\t\t\t\t<div class=\"elementor-container elementor-column-gap-default\">\n\t\t\t\t\t<div class=\"elementor-column elementor-col-100 elementor-top-column elementor-element elementor-element-eaa335b\" data-id=\"eaa335b\" data-element_type=\"column\">\n\t\t\t<div class=\"elementor-widget-wrap elementor-element-populated\">\n\t\t\t\t\t\t<div class=\"elementor-element elementor-element-fdba7c7 elementor-headline--style-rotate elementor-invisible elementor-widget elementor-widget-animated-headline\" data-id=\"fdba7c7\" data-element_type=\"widget\" data-settings=\"{&quot;headline_style&quot;:&quot;rotate&quot;,&quot;animation_type&quot;:&quot;clip&quot;,&quot;rotating_text&quot;:&quot;slow beauty?&quot;,&quot;_animation&quot;:&quot;fadeInUp&quot;,&quot;_animation_mobile&quot;:&quot;none&quot;,&quot;loop&quot;:&quot;yes&quot;,&quot;rotate_iteration_delay&quot;:2500}\" data-widget_type=\"animated-headline.default\">\n\t\t\t\t<div class=\"elementor-widget-container\">\n\t\t\t\t\t\t\t<h3 class=\"elementor-headline elementor-headline-animation-type-clip\">\n\t\t\t\t\t<span class=\"elementor-headline-plain-text elementor-headline-text-wrapper\">Because<\/span>\n\t\t\t\t<span class=\"elementor-headline-dynamic-wrapper elementor-headline-text-wrapper\">\n\t\t\t\t\t<span class=\"elementor-headline-dynamic-text elementor-headline-text-active\">\n\t\t\t\tslow beauty?\t\t\t<\/span>\n\t\t\t\t\t\t<\/span>\n\t\t\t\t<\/h3>\n\t\t\t\t\t\t<\/div>\n\t\t\t\t<\/div>\n\t\t\t\t\t<\/div>\n\t\t<\/div>\n\t\t\t\t\t<\/div>\n\t\t<\/section>\n\t\t\t\t<section class=\"elementor-section elementor-top-section elementor-element elementor-element-9dfee35 elementor-section-full_width elementor-reverse-tablet elementor-reverse-mobile elementor-section-height-default elementor-section-height-default\" data-id=\"9dfee35\" data-element_type=\"section\" data-settings=\"{&quot;background_background&quot;:&quot;classic&quot;}\">\n\t\t\t\t\t\t<div class=\"elementor-container elementor-column-gap-default\">\n\t\t\t\t\t<div class=\"elementor-column elementor-col-25 elementor-top-column elementor-element elementor-element-2528770 elementor-hidden-mobile elementor-hidden-tablet\" data-id=\"2528770\" data-element_type=\"column\">\n\t\t\t<div class=\"elementor-widget-wrap\">\n\t\t\t\t\t\t\t<\/div>\n\t\t<\/div>\n\t\t\t\t<div class=\"elementor-column elementor-col-25 elementor-top-column elementor-element elementor-element-d986443 elementor-invisible\" data-id=\"d986443\" data-element_type=\"column\" data-settings=\"{&quot;background_background&quot;:&quot;gradient&quot;,&quot;animation&quot;:&quot;fadeInRight&quot;,&quot;animation_mobile&quot;:&quot;none&quot;}\">\n\t\t\t<div class=\"elementor-widget-wrap elementor-element-populated\">\n\t\t\t\t\t\t<div class=\"elementor-element elementor-element-27de000 elementor-widget elementor-widget-text-editor\" data-id=\"27de000\" data-element_type=\"widget\" data-widget_type=\"text-editor.default\">\n\t\t\t\t<div class=\"elementor-widget-container\">\n\t\t\t\t\t\t\t\t\t<p>He <b>slow beauty<\/b> is a philosophy that focuses on enhancing the natural beauty of each person in a sustainable and healthy way. This is a more mindful and relaxed approach, moving away from the idea that beauty is all about instant, superficial results.<\/p><p>In a beauty center that follows the philosophy of <b>slow beauty<\/b>, the treatments are designed to be <b>a complete and pleasant experience for the client<\/b>, and not just a quick solution to a problem. The idea is that the client takes the time to take care of himself and relax, enjoying a moment of disconnection while the treatments are carried out.<\/p><p>In addition, the beauty centers that follow this philosophy <b>they usually use natural and organic products in their treatments<\/b>, avoiding harsh chemicals that can be harmful to the skin and the environment.<\/p><p>Another important aspect of slow beauty is <b>personalization of treatments<\/b>. Each person has unique needs and characteristics, and a beauty center that follows this philosophy will ensure that treatments are tailored to meet the individual needs of each client.<\/p><p>In short, slow beauty <b>is a more conscious and sustainable approach to beauty that focuses on the complete customer experience and enhancing the natural beauty of each person<\/b>.<\/p>\t\t\t\t\t\t\t\t<\/div>\n\t\t\t\t<\/div>\n\t\t\t\t<div class=\"elementor-element elementor-element-d815ecb elementor-align-right elementor-mobile-align-center elementor-tablet-align-center elementor-widget elementor-widget-button\" data-id=\"d815ecb\" data-element_type=\"widget\" data-widget_type=\"button.default\">\n\t\t\t\t<div class=\"elementor-widget-container\">\n\t\t\t\t\t\t\t\t\t<div class=\"elementor-button-wrapper\">\n\t\t\t\t\t<a class=\"elementor-button elementor-button-link elementor-size-sm\" href=\"https:\/\/www.almabellezaysalud.com\/en\/facial-treatments\/\">\n\t\t\t\t\t\t<span class=\"elementor-button-content-wrapper\">\n\t\t\t\t\t\t\t\t\t<span class=\"elementor-button-text\">Do you want to know more about our treatments?<\/span>\n\t\t\t\t\t<\/span>\n\t\t\t\t\t<\/a>\n\t\t\t\t<\/div>\n\t\t\t\t\t\t\t\t<\/div>\n\t\t\t\t<\/div>\n\t\t\t\t\t<\/div>\n\t\t<\/div>\n\t\t\t\t<div class=\"elementor-column elementor-col-25 elementor-top-column elementor-element elementor-element-ee39e79 elementor-invisible\" data-id=\"ee39e79\" data-element_type=\"column\" data-settings=\"{&quot;background_background&quot;:&quot;classic&quot;,&quot;animation&quot;:&quot;fadeInRight&quot;,&quot;animation_mobile&quot;:&quot;none&quot;}\">\n\t\t\t<div class=\"elementor-widget-wrap elementor-element-populated\">\n\t\t\t\t\t\t<div class=\"elementor-element elementor-element-f44817f elementor-widget elementor-widget-spacer\" data-id=\"f44817f\" data-element_type=\"widget\" data-widget_type=\"spacer.default\">\n\t\t\t\t<div class=\"elementor-widget-container\">\n\t\t\t\t\t\t\t<div class=\"elementor-spacer\">\n\t\t\t<div class=\"elementor-spacer-inner\"><\/div>\n\t\t<\/div>\n\t\t\t\t\t\t<\/div>\n\t\t\t\t<\/div>\n\t\t\t\t\t<\/div>\n\t\t<\/div>\n\t\t\t\t<div class=\"elementor-column elementor-col-25 elementor-top-column elementor-element elementor-element-6498e2f elementor-hidden-mobile elementor-hidden-tablet\" data-id=\"6498e2f\" data-element_type=\"column\">\n\t\t\t<div class=\"elementor-widget-wrap\">\n\t\t\t\t\t\t\t<\/div>\n\t\t<\/div>\n\t\t\t\t\t<\/div>\n\t\t<\/section>\n\t\t\t\t<\/div>","protected":false},"excerpt":{"rendered":"<p>Hola, soy Alma&#8230; &#8230;la propietaria del centro de est\u00e9tica \u00abAlma Salud y Belleza\u00bb. Llevo m\u00e1s de 22 a\u00f1os en el mundo de la belleza y he sido pionera en la micropigmentaci\u00f3n. En mi centro, me gusta centrarme en los tratamientos personalizados que realcen la belleza natural y saludable de cada persona. Estoy en constante formaci\u00f3n [&hellip;]<\/p>","protected":false},"author":2,"featured_media":0,"parent":0,"menu_order":8,"comment_status":"closed","ping_status":"closed","template":"elementor_header_footer","meta":{"_joinchat":[],"footnotes":""},"class_list":["post-603","page","type-page","status-publish","hentry"],"yoast_head":"<!-- This site is optimized with the Yoast SEO plugin v24.4 - https:\/\/yoast.com\/wordpress\/plugins\/seo\/ -->\n<title>Alma Belleza y Salud | Sobre mi<\/title>\n<meta name=\"description\" content=\"\u00a1Descubre un mundo de tratamientos personalizados en Alma Belleza y Salud, Oviedo! Nuestra amplia gama de servicios te permitir\u00e1 resaltar tu belleza interior y exterior. Disfruta de faciales rejuvenecedores, masajes relajantes, tratamientos corporales y mucho m\u00e1s.\" \/>\n<meta name=\"robots\" content=\"index, follow, max-snippet:-1, max-image-preview:large, max-video-preview:-1\" \/>\n<link rel=\"canonical\" href=\"https:\/\/www.almabellezaysalud.com\/en\/about-me\/\" \/>\n<meta property=\"og:locale\" content=\"en_US\" \/>\n<meta property=\"og:type\" content=\"article\" \/>\n<meta property=\"og:title\" content=\"Alma Belleza y Salud | Sobre mi\" \/>\n<meta property=\"og:description\" content=\"\u00a1Descubre un mundo de tratamientos personalizados en Alma Belleza y Salud, Oviedo! Nuestra amplia gama de servicios te permitir\u00e1 resaltar tu belleza interior y exterior. Disfruta de faciales rejuvenecedores, masajes relajantes, tratamientos corporales y mucho m\u00e1s.\" \/>\n<meta property=\"og:url\" content=\"https:\/\/www.almabellezaysalud.com\/en\/about-me\/\" \/>\n<meta property=\"og:site_name\" content=\"Alma Belleza y Salud\" \/>\n<meta property=\"article:modified_time\" content=\"2023-10-02T07:26:33+00:00\" \/>\n<meta property=\"og:image\" content=\"https:\/\/www.almabellezaysalud.com\/wp-content\/uploads\/2023\/04\/almabellezaysalud-05.jpg\" \/>\n\t<meta property=\"og:image:width\" content=\"1920\" \/>\n\t<meta property=\"og:image:height\" content=\"1280\" \/>\n\t<meta property=\"og:image:type\" content=\"image\/jpeg\" \/>\n<meta name=\"twitter:card\" content=\"summary_large_image\" \/>\n<script type=\"application\/ld+json\" class=\"yoast-schema-graph\">{\"@context\":\"https:\/\/schema.org\",\"@graph\":[{\"@type\":\"WebPage\",\"@id\":\"https:\/\/www.almabellezaysalud.com\/sobremi\/\",\"url\":\"https:\/\/www.almabellezaysalud.com\/sobremi\/\",\"name\":\"Alma Belleza y Salud | Sobre mi\",\"isPartOf\":{\"@id\":\"https:\/\/www.almabellezaysalud.com\/#website\"},\"datePublished\":\"2023-04-01T14:20:49+00:00\",\"dateModified\":\"2023-10-02T07:26:33+00:00\",\"description\":\"\u00a1Descubre un mundo de tratamientos personalizados en Alma Belleza y Salud, Oviedo! Nuestra amplia gama de servicios te permitir\u00e1 resaltar tu belleza interior y exterior. Disfruta de faciales rejuvenecedores, masajes relajantes, tratamientos corporales y mucho m\u00e1s.\",\"breadcrumb\":{\"@id\":\"https:\/\/www.almabellezaysalud.com\/sobremi\/#breadcrumb\"},\"inLanguage\":\"en-US\",\"potentialAction\":[{\"@type\":\"ReadAction\",\"target\":[\"https:\/\/www.almabellezaysalud.com\/sobremi\/\"]}]},{\"@type\":\"BreadcrumbList\",\"@id\":\"https:\/\/www.almabellezaysalud.com\/sobremi\/#breadcrumb\",\"itemListElement\":[{\"@type\":\"ListItem\",\"position\":1,\"name\":\"Inicio\",\"item\":\"https:\/\/www.almabellezaysalud.com\/\"},{\"@type\":\"ListItem\",\"position\":2,\"name\":\"Sobre mi\"}]},{\"@type\":\"WebSite\",\"@id\":\"https:\/\/www.almabellezaysalud.com\/#website\",\"url\":\"https:\/\/www.almabellezaysalud.com\/\",\"name\":\"Alma Belleza y Salud\",\"description\":\"Centro de est\u00e9tica\",\"publisher\":{\"@id\":\"https:\/\/www.almabellezaysalud.com\/#organization\"},\"potentialAction\":[{\"@type\":\"SearchAction\",\"target\":{\"@type\":\"EntryPoint\",\"urlTemplate\":\"https:\/\/www.almabellezaysalud.com\/?s={search_term_string}\"},\"query-input\":{\"@type\":\"PropertyValueSpecification\",\"valueRequired\":true,\"valueName\":\"search_term_string\"}}],\"inLanguage\":\"en-US\"},{\"@type\":\"Organization\",\"@id\":\"https:\/\/www.almabellezaysalud.com\/#organization\",\"name\":\"Alma Belleza y salud\",\"url\":\"https:\/\/www.almabellezaysalud.com\/\",\"logo\":{\"@type\":\"ImageObject\",\"inLanguage\":\"en-US\",\"@id\":\"https:\/\/www.almabellezaysalud.com\/#\/schema\/logo\/image\/\",\"url\":\"https:\/\/www.almabellezaysalud.com\/wp-content\/uploads\/2023\/04\/logoverticalalma.svg\",\"contentUrl\":\"https:\/\/www.almabellezaysalud.com\/wp-content\/uploads\/2023\/04\/logoverticalalma.svg\",\"width\":1001,\"height\":992,\"caption\":\"Alma Belleza y salud\"},\"image\":{\"@id\":\"https:\/\/www.almabellezaysalud.com\/#\/schema\/logo\/image\/\"}}]}<\/script>\n<!-- \/ Yoast SEO plugin. -->","yoast_head_json":{"title":"Alma Belleza y Salud | Sobre mi","description":"\u00a1Descubre un mundo de tratamientos personalizados en Alma Belleza y Salud, Oviedo! Nuestra amplia gama de servicios te permitir\u00e1 resaltar tu belleza interior y exterior. Disfruta de faciales rejuvenecedores, masajes relajantes, tratamientos corporales y mucho m\u00e1s.","robots":{"index":"index","follow":"follow","max-snippet":"max-snippet:-1","max-image-preview":"max-image-preview:large","max-video-preview":"max-video-preview:-1"},"canonical":"https:\/\/www.almabellezaysalud.com\/en\/about-me\/","og_locale":"en_US","og_type":"article","og_title":"Alma Belleza y Salud | Sobre mi","og_description":"\u00a1Descubre un mundo de tratamientos personalizados en Alma Belleza y Salud, Oviedo! Nuestra amplia gama de servicios te permitir\u00e1 resaltar tu belleza interior y exterior. Disfruta de faciales rejuvenecedores, masajes relajantes, tratamientos corporales y mucho m\u00e1s.","og_url":"https:\/\/www.almabellezaysalud.com\/en\/about-me\/","og_site_name":"Alma Belleza y Salud","article_modified_time":"2023-10-02T07:26:33+00:00","og_image":[{"width":1920,"height":1280,"url":"https:\/\/www.almabellezaysalud.com\/wp-content\/uploads\/2023\/04\/almabellezaysalud-05.jpg","type":"image\/jpeg"}],"twitter_card":"summary_large_image","schema":{"@context":"https:\/\/schema.org","@graph":[{"@type":"WebPage","@id":"https:\/\/www.almabellezaysalud.com\/sobremi\/","url":"https:\/\/www.almabellezaysalud.com\/sobremi\/","name":"Alma Belleza y Salud | Sobre mi","isPartOf":{"@id":"https:\/\/www.almabellezaysalud.com\/#website"},"datePublished":"2023-04-01T14:20:49+00:00","dateModified":"2023-10-02T07:26:33+00:00","description":"\u00a1Descubre un mundo de tratamientos personalizados en Alma Belleza y Salud, Oviedo! Nuestra amplia gama de servicios te permitir\u00e1 resaltar tu belleza interior y exterior. Disfruta de faciales rejuvenecedores, masajes relajantes, tratamientos corporales y mucho m\u00e1s.","breadcrumb":{"@id":"https:\/\/www.almabellezaysalud.com\/sobremi\/#breadcrumb"},"inLanguage":"en-US","potentialAction":[{"@type":"ReadAction","target":["https:\/\/www.almabellezaysalud.com\/sobremi\/"]}]},{"@type":"BreadcrumbList","@id":"https:\/\/www.almabellezaysalud.com\/sobremi\/#breadcrumb","itemListElement":[{"@type":"ListItem","position":1,"name":"Inicio","item":"https:\/\/www.almabellezaysalud.com\/"},{"@type":"ListItem","position":2,"name":"Sobre mi"}]},{"@type":"WebSite","@id":"https:\/\/www.almabellezaysalud.com\/#website","url":"https:\/\/www.almabellezaysalud.com\/","name":"Alma Belleza y Salud","description":"Centro de est\u00e9tica","publisher":{"@id":"https:\/\/www.almabellezaysalud.com\/#organization"},"potentialAction":[{"@type":"SearchAction","target":{"@type":"EntryPoint","urlTemplate":"https:\/\/www.almabellezaysalud.com\/?s={search_term_string}"},"query-input":{"@type":"PropertyValueSpecification","valueRequired":true,"valueName":"search_term_string"}}],"inLanguage":"en-US"},{"@type":"Organization","@id":"https:\/\/www.almabellezaysalud.com\/#organization","name":"Alma Belleza y salud","url":"https:\/\/www.almabellezaysalud.com\/","logo":{"@type":"ImageObject","inLanguage":"en-US","@id":"https:\/\/www.almabellezaysalud.com\/#\/schema\/logo\/image\/","url":"https:\/\/www.almabellezaysalud.com\/wp-content\/uploads\/2023\/04\/logoverticalalma.svg","contentUrl":"https:\/\/www.almabellezaysalud.com\/wp-content\/uploads\/2023\/04\/logoverticalalma.svg","width":1001,"height":992,"caption":"Alma Belleza y salud"},"image":{"@id":"https:\/\/www.almabellezaysalud.com\/#\/schema\/logo\/image\/"}}]}},"_links":{"self":[{"href":"https:\/\/www.almabellezaysalud.com\/en\/wp-json\/wp\/v2\/pages\/603","targetHints":{"allow":["GET"]}}],"collection":[{"href":"https:\/\/www.almabellezaysalud.com\/en\/wp-json\/wp\/v2\/pages"}],"about":[{"href":"https:\/\/www.almabellezaysalud.com\/en\/wp-json\/wp\/v2\/types\/page"}],"author":[{"embeddable":true,"href":"https:\/\/www.almabellezaysalud.com\/en\/wp-json\/wp\/v2\/users\/2"}],"replies":[{"embeddable":true,"href":"https:\/\/www.almabellezaysalud.com\/en\/wp-json\/wp\/v2\/comments?post=603"}],"version-history":[{"count":5,"href":"https:\/\/www.almabellezaysalud.com\/en\/wp-json\/wp\/v2\/pages\/603\/revisions"}],"predecessor-version":[{"id":1230,"href":"https:\/\/www.almabellezaysalud.com\/en\/wp-json\/wp\/v2\/pages\/603\/revisions\/1230"}],"wp:attachment":[{"href":"https:\/\/www.almabellezaysalud.com\/en\/wp-json\/wp\/v2\/media?parent=603"}],"curies":[{"name":"wp","href":"https:\/\/api.w.org\/{rel}","templated":true}]}}